{"id":26,"date":"2023-03-28T00:19:21","date_gmt":"2023-03-27T22:19:21","guid":{"rendered":"https:\/\/sev-litovel.bedesign.cz\/sev-litovel\/?page_id=26"},"modified":"2025-01-22T09:33:27","modified_gmt":"2025-01-22T08:33:27","slug":"kontakt","status":"publish","type":"page","link":"https:\/\/www.sev-litovel.cz\/en\/kontakt\/","title":{"rendered":"Contact"},"content":{"rendered":"<div data-elementor-type=\"wp-page\" data-elementor-id=\"26\" class=\"elementor elementor-26\" data-elementor-post-type=\"page\">\n\t\t\t\t<div class=\"elementor-element elementor-element-3932c5f e-flex e-con-boxed e-con e-parent\" data-id=\"3932c5f\" data-element_type=\"container\" id=\"dolu\" data-settings=\"{&quot;background_background&quot;:&quot;classic&quot;}\">\n\t\t\t\t\t<div class=\"e-con-inner\">\n\t\t<div class=\"elementor-element elementor-element-e0de8e0 e-con-full e-flex e-con e-child\" data-id=\"e0de8e0\" data-element_type=\"container\">\n\t\t<div class=\"elementor-element elementor-element-b0f9fd5 e-flex e-con-boxed e-con e-child\" data-id=\"b0f9fd5\" data-element_type=\"container\">\n\t\t\t\t\t<div class=\"e-con-inner\">\n\t\t<div class=\"elementor-element elementor-element-c49d776 e-flex e-con-boxed e-con e-child\" data-id=\"c49d776\" data-element_type=\"container\">\n\t\t\t\t\t<div class=\"e-con-inner\">\n\t\t\t\t<div class=\"elementor-element elementor-element-22a84e5 elementor-widget elementor-widget-text-editor\" data-id=\"22a84e5\" data-element_type=\"widget\" data-widget_type=\"text-editor.default\">\n\t\t\t\t<div class=\"elementor-widget-container\">\n\t\t\t\t\t\t\t\t\t<h3>SEV Litovel s. r. o.<\/h3><p>Palack\u00e9ho 1160\/34<br \/>784 01 \u00a0Litovel<\/p><p>Tel: 420 585 392 231<br \/>Email:<span style=\"color: #ffffff\">\u00a0<a style=\"color: #ffffff\" href=\"mailto:info@sev-litovel.cz\">info@sev-litovel.cz<\/a>\u00a0<\/span><\/p><p>.<\/p><p>.\u00a0\u00a0<\/p>\t\t\t\t\t\t\t\t<\/div>\n\t\t\t\t<\/div>\n\t\t\t\t<div class=\"elementor-element elementor-element-f590c65 e-grid-align-left elementor-shape-rounded elementor-grid-0 elementor-widget elementor-widget-social-icons\" data-id=\"f590c65\" data-element_type=\"widget\" data-widget_type=\"social-icons.default\">\n\t\t\t\t<div class=\"elementor-widget-container\">\n\t\t\t\t\t\t\t<div class=\"elementor-social-icons-wrapper elementor-grid\">\n\t\t\t\t\t\t\t<span class=\"elementor-grid-item\">\n\t\t\t\t\t<a class=\"elementor-icon elementor-social-icon elementor-social-icon-facebook elementor-animation-grow elementor-repeater-item-b575b26\" href=\"https:\/\/www.facebook.com\/sevlitovel\" target=\"_blank\">\n\t\t\t\t\t\t<span class=\"elementor-screen-only\">Facebook<\/span>\n\t\t\t\t\t\t<svg aria-hidden=\"true\" class=\"e-font-icon-svg e-fab-facebook\" viewbox=\"0 0 512 512\" xmlns=\"http:\/\/www.w3.org\/2000\/svg\"><path d=\"M504 256C504 119 393 8 256 8S8 119 8 256c0 123.78 90.69 226.38 209.25 245V327.69h-63V256h63v-54.64c0-62.15 37-96.48 93.67-96.48 27.14 0 55.52 4.84 55.52 4.84v61h-31.28c-30.8 0-40.41 19.12-40.41 38.73V256h68.78l-11 71.69h-57.78V501C413.31 482.38 504 379.78 504 256z\"><\/path><\/svg>\t\t\t\t\t<\/a>\n\t\t\t\t<\/span>\n\t\t\t\t\t<\/div>\n\t\t\t\t\t\t<\/div>\n\t\t\t\t<\/div>\n\t\t\t\t\t<\/div>\n\t\t\t\t<\/div>\n\t\t<div class=\"elementor-element elementor-element-f2a98bf e-flex e-con-boxed e-con e-child\" data-id=\"f2a98bf\" data-element_type=\"container\">\n\t\t\t\t\t<div class=\"e-con-inner\">\n\t\t\t\t<div class=\"elementor-element elementor-element-367294d elementor-widget elementor-widget-google_maps\" data-id=\"367294d\" data-element_type=\"widget\" data-widget_type=\"google_maps.default\">\n\t\t\t\t<div class=\"elementor-widget-container\">\n\t\t\t\t\t\t\t<div class=\"elementor-custom-embed\">\n\t\t\t<iframe loading=\"lazy\"\n\t\t\t\t\tsrc=\"https:\/\/maps.google.com\/maps?q=SEV%20Litovel&#038;t=m&#038;z=16&#038;output=embed&#038;iwloc=near\"\n\t\t\t\t\ttitle=\"SEV Litovel\"\n\t\t\t\t\taria-label=\"SEV Litovel\"\n\t\t\t><\/iframe>\n\t\t<\/div>\n\t\t\t\t\t\t<\/div>\n\t\t\t\t<\/div>\n\t\t\t\t\t<\/div>\n\t\t\t\t<\/div>\n\t\t\t\t\t<\/div>\n\t\t\t\t<\/div>\n\t\t\t\t<div class=\"elementor-element elementor-element-36fc2b3 elementor-widget elementor-widget-text-editor\" data-id=\"36fc2b3\" data-element_type=\"widget\" data-widget_type=\"text-editor.default\">\n\t\t\t\t<div class=\"elementor-widget-container\">\n\t\t\t\t\t\t\t\t\t<h3>Contacts<\/h3><table width=\"90%\"><tbody><tr><th>\u00a0<\/th><th>\u00a0<\/th><th>Phone<\/th><th>E-mail<\/th><\/tr><tr><td>jednatel<\/td><td>Ing. Ji\u0159\u00ed Mencl<\/td><td>+420 585 392 200<\/td><td>mencl@sev-litovel.cz<\/td><\/tr><tr><td>Human Resources<\/td><td>Hana Buda\u0159ov\u00e1<\/td><td>+420 585 392 201<\/td><td>budarova@sev-litovel.cz<\/td><\/tr><tr><td>Sales - Truntables<\/td><td>Mgr. Ji\u0159\u00ed Schneider<\/td><td>+420 777 500 524<\/td><td>schneider@sev-litovel.cz<\/td><\/tr><tr><td>Sales - Automotive<\/td><td>Hana Gnipov\u00e1<\/td><td>+420 585 392 231<\/td><td>gnipova@sev-litovel.cz<\/td><\/tr><tr><td>Repaire and Maintenance of Turntables<\/td><td>\u00a0<\/td><td>+420 585 342 232<\/td><td>aq@aq.cz<\/td><\/tr><\/tbody><\/table>\t\t\t\t\t\t\t\t<\/div>\n\t\t\t\t<\/div>\n\t\t\t\t<\/div>\n\t\t\t\t\t<\/div>\n\t\t\t\t<\/div>\n\t\t\t\t<\/div>","protected":false},"excerpt":{"rendered":"<p>SEV Litovel s. r. o. Palack\u00e9ho 1160\/34784 01 \u00a0Litovel Tel: 420 585 392 231Email:\u00a0info@sev-litovel.cz\u00a0 Opravna gramofon\u016f (pouze zna\u010dky Tesla):\u00a0\u00a0\u00a0Elektroservis Zatloukal, Palack\u00e9ho 856 585 342 256, 604 925 625, eta.litovel@seznam.cz\u00a0\u00a0 Facebook Kontaktn\u00ed osoby SEV \u00a0 \u00a0 Telefon E-mail jednatel Ing. Ji\u0159\u00ed Mencl +420 585 392 200 mencl@sev-litovel.cz person\u00e1ln\u00ed odd\u011blen\u00ed Hana Buda\u0159ov\u00e1 +420 585 392 201 budarova@sev-litovel.cz [&hellip;]<\/p>","protected":false},"author":1,"featured_media":209,"parent":0,"menu_order":0,"comment_status":"closed","ping_status":"closed","template":"","meta":{"footnotes":""},"class_list":["post-26","page","type-page","status-publish","has-post-thumbnail","hentry"],"_links":{"self":[{"href":"https:\/\/www.sev-litovel.cz\/en\/wp-json\/wp\/v2\/pages\/26","targetHints":{"allow":["GET"]}}],"collection":[{"href":"https:\/\/www.sev-litovel.cz\/en\/wp-json\/wp\/v2\/pages"}],"about":[{"href":"https:\/\/www.sev-litovel.cz\/en\/wp-json\/wp\/v2\/types\/page"}],"author":[{"embeddable":true,"href":"https:\/\/www.sev-litovel.cz\/en\/wp-json\/wp\/v2\/users\/1"}],"replies":[{"embeddable":true,"href":"https:\/\/www.sev-litovel.cz\/en\/wp-json\/wp\/v2\/comments?post=26"}],"version-history":[{"count":62,"href":"https:\/\/www.sev-litovel.cz\/en\/wp-json\/wp\/v2\/pages\/26\/revisions"}],"predecessor-version":[{"id":571,"href":"https:\/\/www.sev-litovel.cz\/en\/wp-json\/wp\/v2\/pages\/26\/revisions\/571"}],"wp:featuredmedia":[{"embeddable":true,"href":"https:\/\/www.sev-litovel.cz\/en\/wp-json\/wp\/v2\/media\/209"}],"wp:attachment":[{"href":"https:\/\/www.sev-litovel.cz\/en\/wp-json\/wp\/v2\/media?parent=26"}],"curies":[{"name":"wp","href":"https:\/\/api.w.org\/{rel}","templated":true}]}}