{"id":18,"date":"2023-03-28T00:16:59","date_gmt":"2023-03-27T22:16:59","guid":{"rendered":"https:\/\/sev-litovel.bedesign.cz\/sev-litovel\/?page_id=18"},"modified":"2023-09-15T00:39:20","modified_gmt":"2023-09-14T22:39:20","slug":"ostatni","status":"publish","type":"page","link":"https:\/\/www.sev-litovel.cz\/en\/ostatni\/","title":{"rendered":"Rotors And Stators"},"content":{"rendered":"<div data-elementor-type=\"wp-page\" data-elementor-id=\"18\" class=\"elementor elementor-18\" data-elementor-post-type=\"page\">\n\t\t\t\t<div class=\"elementor-element elementor-element-bb20660 e-flex e-con-boxed e-con e-parent\" data-id=\"bb20660\" data-element_type=\"container\" data-settings=\"{&quot;background_background&quot;:&quot;classic&quot;}\">\n\t\t\t\t\t<div class=\"e-con-inner\">\n\t\t<div class=\"elementor-element elementor-element-fdb2cba e-con-full e-flex e-con e-child\" data-id=\"fdb2cba\" data-element_type=\"container\">\n\t\t\t\t<div class=\"elementor-element elementor-element-a2963f9 elementor-widget elementor-widget-text-editor\" data-id=\"a2963f9\" data-element_type=\"widget\" data-widget_type=\"text-editor.default\">\n\t\t\t\t<div class=\"elementor-widget-container\">\n\t\t\t\t\t\t\t\t\t<p>The production is focused on small synchronous motors, winding of cylindric coils and on rotors and stators of small commutator motors with the rotor diameter from 15 to 30 cm.<\/p><p><strong>Significant buyer of motors for railway models is M\u00e4rklin Germany<\/strong><\/p><table><tbody><tr><td rowspan=\"4\" width=\"141\"><p>Technology used:<\/p><\/td><td width=\"246\"><p>MICAFIL winding machines<\/p><\/td><\/tr><tr><td width=\"246\"><p>Single-purpose coil-winding machines<\/p><\/td><\/tr><tr><td width=\"246\"><p>SCHLATTER spot welders<\/p><\/td><\/tr><tr><td width=\"246\"><p>Inherent design testers<\/p><\/td><\/tr><\/tbody><\/table><p>\u00a0<\/p>\t\t\t\t\t\t\t\t<\/div>\n\t\t\t\t<\/div>\n\t\t\t\t<\/div>\n\t\t<div class=\"elementor-element elementor-element-7d8b129 e-flex e-con-boxed e-con e-child\" data-id=\"7d8b129\" data-element_type=\"container\">\n\t\t\t\t\t<div class=\"e-con-inner\">\n\t\t\t\t<div class=\"elementor-element elementor-element-78675d4 elementor-widget elementor-widget-gallery\" data-id=\"78675d4\" data-element_type=\"widget\" data-settings=\"{&quot;columns&quot;:1,&quot;lazyload&quot;:&quot;yes&quot;,&quot;gallery_layout&quot;:&quot;grid&quot;,&quot;columns_tablet&quot;:2,&quot;columns_mobile&quot;:1,&quot;gap&quot;:{&quot;unit&quot;:&quot;px&quot;,&quot;size&quot;:10,&quot;sizes&quot;:[]},&quot;gap_tablet&quot;:{&quot;unit&quot;:&quot;px&quot;,&quot;size&quot;:10,&quot;sizes&quot;:[]},&quot;gap_mobile&quot;:{&quot;unit&quot;:&quot;px&quot;,&quot;size&quot;:10,&quot;sizes&quot;:[]},&quot;link_to&quot;:&quot;file&quot;,&quot;aspect_ratio&quot;:&quot;3:2&quot;,&quot;overlay_background&quot;:&quot;yes&quot;,&quot;content_hover_animation&quot;:&quot;fade-in&quot;}\" data-widget_type=\"gallery.default\">\n\t\t\t\t<div class=\"elementor-widget-container\">\n\t\t\t\t\t\t\t<div class=\"elementor-gallery__container\">\n\t\t\t\t\t\t\t<a class=\"e-gallery-item elementor-gallery-item elementor-animated-content\" href=\"https:\/\/www.sev-litovel.cz\/wp-content\/uploads\/2023\/09\/2.png\" data-elementor-open-lightbox=\"yes\" data-elementor-lightbox-slideshow=\"78675d4\" data-elementor-lightbox-title=\"2\" data-e-action-hash=\"#elementor-action%3Aaction%3Dlightbox%26settings%3DeyJpZCI6MzQwLCJ1cmwiOiJodHRwczpcL1wvd3d3LnNldi1saXRvdmVsLmN6XC93cC1jb250ZW50XC91cGxvYWRzXC8yMDIzXC8wOVwvMi5wbmciLCJzbGlkZXNob3ciOiI3ODY3NWQ0In0%3D\">\n\t\t\t\t\t<div class=\"e-gallery-image elementor-gallery-item__image\" data-thumbnail=\"https:\/\/www.sev-litovel.cz\/wp-content\/uploads\/2023\/09\/2.png\" data-width=\"509\" data-height=\"275\" aria-label=\"rotory\" role=\"img\" ><\/div>\n\t\t\t\t\t\t\t\t\t\t\t<div class=\"elementor-gallery-item__overlay\"><\/div>\n\t\t\t\t\t\t\t\t\t\t\t\t\t\t<\/a>\n\t\t\t\t\t\t\t<a class=\"e-gallery-item elementor-gallery-item elementor-animated-content\" href=\"https:\/\/www.sev-litovel.cz\/wp-content\/uploads\/2023\/09\/1.png\" data-elementor-open-lightbox=\"yes\" data-elementor-lightbox-slideshow=\"78675d4\" data-elementor-lightbox-title=\"1\" data-e-action-hash=\"#elementor-action%3Aaction%3Dlightbox%26settings%3DeyJpZCI6MzQxLCJ1cmwiOiJodHRwczpcL1wvd3d3LnNldi1saXRvdmVsLmN6XC93cC1jb250ZW50XC91cGxvYWRzXC8yMDIzXC8wOVwvMS5wbmciLCJzbGlkZXNob3ciOiI3ODY3NWQ0In0%3D\">\n\t\t\t\t\t<div class=\"e-gallery-image elementor-gallery-item__image\" data-thumbnail=\"https:\/\/www.sev-litovel.cz\/wp-content\/uploads\/2023\/09\/1.png\" data-width=\"353\" data-height=\"285\" aria-label=\"rotory\" role=\"img\" ><\/div>\n\t\t\t\t\t\t\t\t\t\t\t<div class=\"elementor-gallery-item__overlay\"><\/div>\n\t\t\t\t\t\t\t\t\t\t\t\t\t\t<\/a>\n\t\t\t\t\t<\/div>\n\t\t\t\t\t<\/div>\n\t\t\t\t<\/div>\n\t\t\t\t\t<\/div>\n\t\t\t\t<\/div>\n\t\t\t\t\t<\/div>\n\t\t\t\t<\/div>\n\t\t\t\t<\/div>","protected":false},"excerpt":{"rendered":"<p>V\u00fdroba je zam\u011b\u0159ena na rotory a statory mal\u00fdch komut\u00e1torov\u00fdch motork\u016f o pr\u016fm\u011bru rotoru 15 \u2013 30 mm, na synchronn\u00ed motorky a na vinut\u00ed v\u00e1lcov\u00fdch c\u00edvek. V\u00fdznamn\u00fd odb\u011bratel: Firma M\u00e4rklin \u2013 N\u011bmecko (motorky pro modely vl\u00e1\u010dk\u016f) Pou\u017eit\u00e1 technologie: Nav\u00edje\u010dky MICAFIL Nav\u00edje\u010dky jedno\u00fa\u010delov\u00e9 Bodova\u010dky SCHLATTER Testovac\u00ed p\u0159\u00edpravky vlastn\u00ed konstrukce \u00a0<\/p>","protected":false},"author":1,"featured_media":38,"parent":0,"menu_order":0,"comment_status":"closed","ping_status":"closed","template":"","meta":{"footnotes":""},"class_list":["post-18","page","type-page","status-publish","has-post-thumbnail","hentry"],"_links":{"self":[{"href":"https:\/\/www.sev-litovel.cz\/en\/wp-json\/wp\/v2\/pages\/18","targetHints":{"allow":["GET"]}}],"collection":[{"href":"https:\/\/www.sev-litovel.cz\/en\/wp-json\/wp\/v2\/pages"}],"about":[{"href":"https:\/\/www.sev-litovel.cz\/en\/wp-json\/wp\/v2\/types\/page"}],"author":[{"embeddable":true,"href":"https:\/\/www.sev-litovel.cz\/en\/wp-json\/wp\/v2\/users\/1"}],"replies":[{"embeddable":true,"href":"https:\/\/www.sev-litovel.cz\/en\/wp-json\/wp\/v2\/comments?post=18"}],"version-history":[{"count":14,"href":"https:\/\/www.sev-litovel.cz\/en\/wp-json\/wp\/v2\/pages\/18\/revisions"}],"predecessor-version":[{"id":347,"href":"https:\/\/www.sev-litovel.cz\/en\/wp-json\/wp\/v2\/pages\/18\/revisions\/347"}],"wp:featuredmedia":[{"embeddable":true,"href":"https:\/\/www.sev-litovel.cz\/en\/wp-json\/wp\/v2\/media\/38"}],"wp:attachment":[{"href":"https:\/\/www.sev-litovel.cz\/en\/wp-json\/wp\/v2\/media?parent=18"}],"curies":[{"name":"wp","href":"https:\/\/api.w.org\/{rel}","templated":true}]}}