{"id":14,"date":"2023-03-28T00:16:28","date_gmt":"2023-03-27T22:16:28","guid":{"rendered":"https:\/\/sev-litovel.bedesign.cz\/sev-litovel\/?page_id=14"},"modified":"2023-08-17T01:49:39","modified_gmt":"2023-08-16T23:49:39","slug":"cnc-obrabeni-kovu","status":"publish","type":"page","link":"https:\/\/www.sev-litovel.cz\/en\/cnc-obrabeni-kovu\/","title":{"rendered":"CNC Machining"},"content":{"rendered":"<div data-elementor-type=\"wp-page\" data-elementor-id=\"14\" class=\"elementor elementor-14\" data-elementor-post-type=\"page\">\n\t\t\t\t<div class=\"elementor-element elementor-element-8fa0335 e-flex e-con-boxed e-con e-parent\" data-id=\"8fa0335\" data-element_type=\"container\" data-settings=\"{&quot;background_background&quot;:&quot;classic&quot;}\">\n\t\t\t\t\t<div class=\"e-con-inner\">\n\t\t<div class=\"elementor-element elementor-element-a0e8c18 e-con-full e-flex e-con e-child\" data-id=\"a0e8c18\" data-element_type=\"container\">\n\t\t\t\t<div class=\"elementor-element elementor-element-6fb4f9a elementor-widget elementor-widget-text-editor\" data-id=\"6fb4f9a\" data-element_type=\"widget\" data-widget_type=\"text-editor.default\">\n\t\t\t\t<div class=\"elementor-widget-container\">\n\t\t\t\t\t\t\t\t\t<p>Within our company, one of the key activities is machining our materials on 26 CNC lathes from renowned brands such as Nakamura-Tome, ManurhinKMX, Tornos, and EMCO Intos. This specialization enables us to achieve excellent precision and quality results.<\/p><p>Our capabilities encompass a diverse range of bar materials, including aluminum, brass, stainless steel, iron, hardened plastic, and organic glass. Each of these materials has its own characteristics and machining requirements, which is why we've invested in the necessary technologies and knowledge to attain optimal outcomes.<\/p><p>Our experienced operators meticulously oversee each step of the process, from initial machine setup to final adjustments. Thorough inspection and monitoring allow us to achieve high repeatability and consistent quality across all our products.<\/p><p>We take pride in our ability to adapt to the specific needs of our customers, and our expertise in CNC machining empowers us to craft high-quality products that meet the most demanding industrial standards.<\/p>\t\t\t\t\t\t\t\t<\/div>\n\t\t\t\t<\/div>\n\t\t\t\t<\/div>\n\t\t<div class=\"elementor-element elementor-element-c71b9f6 e-flex e-con-boxed e-con e-child\" data-id=\"c71b9f6\" data-element_type=\"container\">\n\t\t\t\t\t<div class=\"e-con-inner\">\n\t\t\t\t<div class=\"elementor-element elementor-element-1c0ee57 elementor-widget elementor-widget-gallery\" data-id=\"1c0ee57\" data-element_type=\"widget\" data-settings=\"{&quot;gallery_layout&quot;:&quot;justified&quot;,&quot;lazyload&quot;:&quot;yes&quot;,&quot;ideal_row_height&quot;:{&quot;unit&quot;:&quot;px&quot;,&quot;size&quot;:200,&quot;sizes&quot;:[]},&quot;ideal_row_height_tablet&quot;:{&quot;unit&quot;:&quot;px&quot;,&quot;size&quot;:150,&quot;sizes&quot;:[]},&quot;ideal_row_height_mobile&quot;:{&quot;unit&quot;:&quot;px&quot;,&quot;size&quot;:150,&quot;sizes&quot;:[]},&quot;gap&quot;:{&quot;unit&quot;:&quot;px&quot;,&quot;size&quot;:10,&quot;sizes&quot;:[]},&quot;gap_tablet&quot;:{&quot;unit&quot;:&quot;px&quot;,&quot;size&quot;:10,&quot;sizes&quot;:[]},&quot;gap_mobile&quot;:{&quot;unit&quot;:&quot;px&quot;,&quot;size&quot;:10,&quot;sizes&quot;:[]},&quot;link_to&quot;:&quot;file&quot;,&quot;overlay_background&quot;:&quot;yes&quot;,&quot;content_hover_animation&quot;:&quot;fade-in&quot;}\" data-widget_type=\"gallery.default\">\n\t\t\t\t<div class=\"elementor-widget-container\">\n\t\t\t\t\t\t\t<div class=\"elementor-gallery__container\">\n\t\t\t\t\t\t\t<a class=\"e-gallery-item elementor-gallery-item elementor-animated-content\" href=\"https:\/\/www.sev-litovel.cz\/wp-content\/uploads\/2023\/08\/Obrazek3.png\" data-elementor-open-lightbox=\"yes\" data-elementor-lightbox-slideshow=\"1c0ee57\" data-elementor-lightbox-title=\"Obra\u0301zek3\" data-e-action-hash=\"#elementor-action%3Aaction%3Dlightbox%26settings%3DeyJpZCI6MjcwLCJ1cmwiOiJodHRwczpcL1wvd3d3LnNldi1saXRvdmVsLmN6XC93cC1jb250ZW50XC91cGxvYWRzXC8yMDIzXC8wOFwvT2JyYXplazMucG5nIiwic2xpZGVzaG93IjoiMWMwZWU1NyJ9\">\n\t\t\t\t\t<div class=\"e-gallery-image elementor-gallery-item__image\" data-thumbnail=\"https:\/\/www.sev-litovel.cz\/wp-content\/uploads\/2023\/08\/Obrazek3-300x162.png\" data-width=\"300\" data-height=\"162\" aria-label=\"Obra\u0301zek3\" role=\"img\" ><\/div>\n\t\t\t\t\t\t\t\t\t\t\t<div class=\"elementor-gallery-item__overlay\"><\/div>\n\t\t\t\t\t\t\t\t\t\t\t\t\t\t<\/a>\n\t\t\t\t\t\t\t<a class=\"e-gallery-item elementor-gallery-item elementor-animated-content\" href=\"https:\/\/www.sev-litovel.cz\/wp-content\/uploads\/2023\/08\/Obrazek2.png\" data-elementor-open-lightbox=\"yes\" data-elementor-lightbox-slideshow=\"1c0ee57\" data-elementor-lightbox-title=\"Obra\u0301zek2\" data-e-action-hash=\"#elementor-action%3Aaction%3Dlightbox%26settings%3DeyJpZCI6MjcxLCJ1cmwiOiJodHRwczpcL1wvd3d3LnNldi1saXRvdmVsLmN6XC93cC1jb250ZW50XC91cGxvYWRzXC8yMDIzXC8wOFwvT2JyYXplazIucG5nIiwic2xpZGVzaG93IjoiMWMwZWU1NyJ9\">\n\t\t\t\t\t<div class=\"e-gallery-image elementor-gallery-item__image\" data-thumbnail=\"https:\/\/www.sev-litovel.cz\/wp-content\/uploads\/2023\/08\/Obrazek2-300x139.png\" data-width=\"300\" data-height=\"139\" aria-label=\"Obra\u0301zek3\" role=\"img\" ><\/div>\n\t\t\t\t\t\t\t\t\t\t\t<div class=\"elementor-gallery-item__overlay\"><\/div>\n\t\t\t\t\t\t\t\t\t\t\t\t\t\t<\/a>\n\t\t\t\t\t\t\t<a class=\"e-gallery-item elementor-gallery-item elementor-animated-content\" href=\"https:\/\/www.sev-litovel.cz\/wp-content\/uploads\/2023\/08\/Obrazek1.png\" data-elementor-open-lightbox=\"yes\" data-elementor-lightbox-slideshow=\"1c0ee57\" data-elementor-lightbox-title=\"Obra\u0301zek1\" data-e-action-hash=\"#elementor-action%3Aaction%3Dlightbox%26settings%3DeyJpZCI6MjcyLCJ1cmwiOiJodHRwczpcL1wvd3d3LnNldi1saXRvdmVsLmN6XC93cC1jb250ZW50XC91cGxvYWRzXC8yMDIzXC8wOFwvT2JyYXplazEucG5nIiwic2xpZGVzaG93IjoiMWMwZWU1NyJ9\">\n\t\t\t\t\t<div class=\"e-gallery-image elementor-gallery-item__image\" data-thumbnail=\"https:\/\/www.sev-litovel.cz\/wp-content\/uploads\/2023\/08\/Obrazek1-300x213.png\" data-width=\"300\" data-height=\"213\" aria-label=\"Obra\u0301zek3\" role=\"img\" ><\/div>\n\t\t\t\t\t\t\t\t\t\t\t<div class=\"elementor-gallery-item__overlay\"><\/div>\n\t\t\t\t\t\t\t\t\t\t\t\t\t\t<\/a>\n\t\t\t\t\t<\/div>\n\t\t\t\t\t<\/div>\n\t\t\t\t<\/div>\n\t\t\t\t\t<\/div>\n\t\t\t\t<\/div>\n\t\t\t\t\t<\/div>\n\t\t\t\t<\/div>\n\t\t\t\t<\/div>","protected":false},"excerpt":{"rendered":"<p>V r\u00e1mci na\u0161eho podniku je jednou z kl\u00ed\u010dov\u00fdch \u010dinnost\u00ed obr\u00e1b\u011bn\u00ed na\u0161ich materi\u00e1l\u016f na 26 CNC soustruz\u00edch renomovan\u00fdch zna\u010dek, jako jsou Nakamura-Tome, ManurhinKMX, Tornos a EMCO Intos. Tato specializace n\u00e1m umo\u017e\u0148uje dosahovat vynikaj\u00edc\u00edch v\u00fdsledk\u016f v oblasti p\u0159esnosti a kvality zpracov\u00e1n\u00ed. Na\u0161e schopnosti pokr\u00fdvaj\u00ed rozmanitou \u0161k\u00e1lu ty\u010dov\u00fdch materi\u00e1l\u016f, v\u010detn\u011b hlin\u00edku, mosazi, nerezov\u00e9 oceli, \u017eeleza, novoduru a organick\u00e9ho [&hellip;]<\/p>","protected":false},"author":1,"featured_media":39,"parent":0,"menu_order":0,"comment_status":"closed","ping_status":"closed","template":"","meta":{"footnotes":""},"class_list":["post-14","page","type-page","status-publish","has-post-thumbnail","hentry"],"_links":{"self":[{"href":"https:\/\/www.sev-litovel.cz\/en\/wp-json\/wp\/v2\/pages\/14","targetHints":{"allow":["GET"]}}],"collection":[{"href":"https:\/\/www.sev-litovel.cz\/en\/wp-json\/wp\/v2\/pages"}],"about":[{"href":"https:\/\/www.sev-litovel.cz\/en\/wp-json\/wp\/v2\/types\/page"}],"author":[{"embeddable":true,"href":"https:\/\/www.sev-litovel.cz\/en\/wp-json\/wp\/v2\/users\/1"}],"replies":[{"embeddable":true,"href":"https:\/\/www.sev-litovel.cz\/en\/wp-json\/wp\/v2\/comments?post=14"}],"version-history":[{"count":17,"href":"https:\/\/www.sev-litovel.cz\/en\/wp-json\/wp\/v2\/pages\/14\/revisions"}],"predecessor-version":[{"id":279,"href":"https:\/\/www.sev-litovel.cz\/en\/wp-json\/wp\/v2\/pages\/14\/revisions\/279"}],"wp:featuredmedia":[{"embeddable":true,"href":"https:\/\/www.sev-litovel.cz\/en\/wp-json\/wp\/v2\/media\/39"}],"wp:attachment":[{"href":"https:\/\/www.sev-litovel.cz\/en\/wp-json\/wp\/v2\/media?parent=14"}],"curies":[{"name":"wp","href":"https:\/\/api.w.org\/{rel}","templated":true}]}}