{"id":12,"date":"2023-03-28T00:16:12","date_gmt":"2023-03-27T22:16:12","guid":{"rendered":"https:\/\/sev-litovel.bedesign.cz\/sev-litovel\/?page_id=12"},"modified":"2024-05-22T08:52:09","modified_gmt":"2024-05-22T06:52:09","slug":"gramofony","status":"publish","type":"page","link":"https:\/\/www.sev-litovel.cz\/en\/gramofony\/","title":{"rendered":"Turntables"},"content":{"rendered":"<div data-elementor-type=\"wp-page\" data-elementor-id=\"12\" class=\"elementor elementor-12\" data-elementor-post-type=\"page\">\n\t\t\t\t<div class=\"elementor-element elementor-element-375c245 e-flex e-con-boxed e-con e-parent\" data-id=\"375c245\" data-element_type=\"container\" data-settings=\"{&quot;background_background&quot;:&quot;classic&quot;,&quot;background_motion_fx_motion_fx_scrolling&quot;:&quot;yes&quot;,&quot;background_motion_fx_devices&quot;:[&quot;desktop&quot;,&quot;tablet&quot;,&quot;mobile&quot;]}\">\n\t\t\t\t\t<div class=\"e-con-inner\">\n\t\t<div class=\"elementor-element elementor-element-3b359f3 e-con-full e-flex e-con e-child\" data-id=\"3b359f3\" data-element_type=\"container\">\n\t\t\t\t<div class=\"elementor-element elementor-element-12a7677 elementor-widget elementor-widget-text-editor\" data-id=\"12a7677\" data-element_type=\"widget\" data-widget_type=\"text-editor.default\">\n\t\t\t\t<div class=\"elementor-widget-container\">\n\t\t\t\t\t\t\t\t\t<p>At SEV Litovel, we have been manufacturing turntables for more than 20 years. That is one of the reasons our turntables are ranked among the best on the market. As such we have received many awards, including EISA awards for 11 of our products! Precise craftsmanship, three-step quality control of every turntable and premium customer care are the reasons why we were chosen by many artists.<\/p>\t\t\t\t\t\t\t\t<\/div>\n\t\t\t\t<\/div>\n\t\t\t\t<div class=\"elementor-element elementor-element-39adbba elementor-widget elementor-widget-gallery\" data-id=\"39adbba\" data-element_type=\"widget\" data-settings=\"{&quot;gallery_layout&quot;:&quot;justified&quot;,&quot;ideal_row_height&quot;:{&quot;unit&quot;:&quot;px&quot;,&quot;size&quot;:154,&quot;sizes&quot;:[]},&quot;overlay_description&quot;:&quot;title&quot;,&quot;lazyload&quot;:&quot;yes&quot;,&quot;ideal_row_height_tablet&quot;:{&quot;unit&quot;:&quot;px&quot;,&quot;size&quot;:150,&quot;sizes&quot;:[]},&quot;ideal_row_height_mobile&quot;:{&quot;unit&quot;:&quot;px&quot;,&quot;size&quot;:150,&quot;sizes&quot;:[]},&quot;gap&quot;:{&quot;unit&quot;:&quot;px&quot;,&quot;size&quot;:10,&quot;sizes&quot;:[]},&quot;gap_tablet&quot;:{&quot;unit&quot;:&quot;px&quot;,&quot;size&quot;:10,&quot;sizes&quot;:[]},&quot;gap_mobile&quot;:{&quot;unit&quot;:&quot;px&quot;,&quot;size&quot;:10,&quot;sizes&quot;:[]},&quot;link_to&quot;:&quot;file&quot;,&quot;overlay_background&quot;:&quot;yes&quot;,&quot;content_hover_animation&quot;:&quot;fade-in&quot;}\" data-widget_type=\"gallery.default\">\n\t\t\t\t<div class=\"elementor-widget-container\">\n\t\t\t\t\t\t\t<div class=\"elementor-gallery__container\">\n\t\t\t\t\t\t\t<a class=\"e-gallery-item elementor-gallery-item elementor-animated-content\" href=\"https:\/\/www.sev-litovel.cz\/wp-content\/uploads\/2023\/08\/5-scaled.jpg\" data-elementor-open-lightbox=\"yes\" data-elementor-lightbox-slideshow=\"39adbba\" data-elementor-lightbox-title=\"Walnut burl, \u017e\u00e1dn\u00fd odst\u00edn pro n\u00e1s nen\u00ed p\u0159ek\u00e1\u017ekou\" data-elementor-lightbox-description=\"Walnut burl, \u017e\u00e1dn\u00fd odst\u00edn pro n\u00e1s nen\u00ed p\u0159ek\u00e1\u017ekou\" data-e-action-hash=\"#elementor-action%3Aaction%3Dlightbox%26settings%3DeyJpZCI6Mjg2LCJ1cmwiOiJodHRwczpcL1wvd3d3LnNldi1saXRvdmVsLmN6XC93cC1jb250ZW50XC91cGxvYWRzXC8yMDIzXC8wOFwvNS1zY2FsZWQuanBnIiwic2xpZGVzaG93IjoiMzlhZGJiYSJ9\">\n\t\t\t\t\t<div class=\"e-gallery-image elementor-gallery-item__image\" data-thumbnail=\"https:\/\/www.sev-litovel.cz\/wp-content\/uploads\/2023\/08\/5-768x513.jpg\" data-width=\"768\" data-height=\"513\" aria-label=\"Walnut burl, no colour is impossible.\" role=\"img\" ><\/div>\n\t\t\t\t\t\t\t\t\t\t\t<div class=\"elementor-gallery-item__overlay\"><\/div>\n\t\t\t\t\t\t\t\t\t\t\t\t\t\t\t<div class=\"elementor-gallery-item__content\">\n\t\t\t\t\t\t\t\t\t\t\t\t\t\t<div class=\"elementor-gallery-item__description\">\n\t\t\t\t\t\t\t\t\t\t\t\t\t\t\t\t\t\tWalnut burl, no colour is impossible.\t\t\t\t\t\t\t\t<\/div>\n\t\t\t\t\t\t\t\t\t\t\t\t<\/div>\n\t\t\t\t\t\t\t\t\t<\/a>\n\t\t\t\t\t<\/div>\n\t\t\t\t\t<\/div>\n\t\t\t\t<\/div>\n\t\t\t\t<\/div>\n\t\t\t\t\t<\/div>\n\t\t\t\t<\/div>\n\t\t\t\t<\/div>","protected":false},"excerpt":{"rendered":"<p>V\u00fdrobou gramofon\u016f se zab\u00fdv\u00e1me d\u00e9le ne\u017e 20 let. I proto jsou na\u0161e v\u00fdrobky ka\u017edoro\u010dn\u011b hodnoceny mezi nejlep\u0161\u00edmi na trhu. D\u016fkazem jsou mnoh\u00e1 ocen\u011bn\u00ed jako nap\u0159\u00edklad EISA award, kterou z\u00edskalo ji\u017e 11 na\u0161ich v\u00fdrobk\u016f! Precizn\u00ed v\u00fdroba, t\u0159\u00edstup\u0148ov\u00e1 kontrola kvality ka\u017ed\u00e9ho v\u00fdrobku a nadstandardn\u00ed p\u00e9\u010de o z\u00e1kazn\u00edka jsou d\u016fvody, pro\u010d si n\u00e1s vol\u00ed i spousta zn\u00e1m\u00fdch interpret\u016f. [&hellip;]<\/p>","protected":false},"author":1,"featured_media":491,"parent":0,"menu_order":0,"comment_status":"closed","ping_status":"closed","template":"","meta":{"footnotes":""},"class_list":["post-12","page","type-page","status-publish","has-post-thumbnail","hentry"],"_links":{"self":[{"href":"https:\/\/www.sev-litovel.cz\/en\/wp-json\/wp\/v2\/pages\/12","targetHints":{"allow":["GET"]}}],"collection":[{"href":"https:\/\/www.sev-litovel.cz\/en\/wp-json\/wp\/v2\/pages"}],"about":[{"href":"https:\/\/www.sev-litovel.cz\/en\/wp-json\/wp\/v2\/types\/page"}],"author":[{"embeddable":true,"href":"https:\/\/www.sev-litovel.cz\/en\/wp-json\/wp\/v2\/users\/1"}],"replies":[{"embeddable":true,"href":"https:\/\/www.sev-litovel.cz\/en\/wp-json\/wp\/v2\/comments?post=12"}],"version-history":[{"count":56,"href":"https:\/\/www.sev-litovel.cz\/en\/wp-json\/wp\/v2\/pages\/12\/revisions"}],"predecessor-version":[{"id":534,"href":"https:\/\/www.sev-litovel.cz\/en\/wp-json\/wp\/v2\/pages\/12\/revisions\/534"}],"wp:featuredmedia":[{"embeddable":true,"href":"https:\/\/www.sev-litovel.cz\/en\/wp-json\/wp\/v2\/media\/491"}],"wp:attachment":[{"href":"https:\/\/www.sev-litovel.cz\/en\/wp-json\/wp\/v2\/media?parent=12"}],"curies":[{"name":"wp","href":"https:\/\/api.w.org\/{rel}","templated":true}]}}