{"id":24,"date":"2023-03-28T00:18:53","date_gmt":"2023-03-27T22:18:53","guid":{"rendered":"https:\/\/sev-litovel.bedesign.cz\/sev-litovel\/?page_id=24"},"modified":"2025-04-24T08:58:22","modified_gmt":"2025-04-24T06:58:22","slug":"o-spolecnosti","status":"publish","type":"page","link":"http:\/\/www.sev-litovel.cz\/en\/o-spolecnosti\/","title":{"rendered":"About Us"},"content":{"rendered":"<div data-elementor-type=\"wp-page\" data-elementor-id=\"24\" class=\"elementor elementor-24\" data-elementor-post-type=\"page\">\n\t\t\t\t<div class=\"elementor-element elementor-element-93849b2 e-flex e-con-boxed e-con e-parent\" data-id=\"93849b2\" data-element_type=\"container\" id=\"dolu\" data-settings=\"{&quot;background_background&quot;:&quot;classic&quot;}\">\n\t\t\t\t\t<div class=\"e-con-inner\">\n\t\t<div class=\"elementor-element elementor-element-f5b1e3b e-con-full e-flex e-con e-child\" data-id=\"f5b1e3b\" data-element_type=\"container\">\n\t\t\t\t<div class=\"elementor-element elementor-element-acec9a1 elementor-widget elementor-widget-heading\" data-id=\"acec9a1\" data-element_type=\"widget\" data-widget_type=\"heading.default\">\n\t\t\t\t<div class=\"elementor-widget-container\">\n\t\t\t\t\t<h1 class=\"elementor-heading-title elementor-size-default\"><b>SEV Litovel<\/b>, s.r.o.<\/h1>\t\t\t\t<\/div>\n\t\t\t\t<\/div>\n\t\t\t\t<div class=\"elementor-element elementor-element-7a1e4e1 elementor-widget elementor-widget-text-editor\" data-id=\"7a1e4e1\" data-element_type=\"widget\" data-widget_type=\"text-editor.default\">\n\t\t\t\t<div class=\"elementor-widget-container\">\n\t\t\t\t\t\t\t\t\t<p>Since 1999 the company SEV Litovel continues the tradition of turntable manufacturing of the company Tesla Litovel, later ETA.<\/p>\n<p>From the beginning, SEV Litovel cooperates with Pro-Ject Audio Systems, whose turntables are designed and manufactured here, from middle class turntables to the highest class. Apart from Pro-Ject, we design and manufacture (or we did in the past) turntables for other companies like Music Hall, EAT, Block Audio, Thorens, Crosley, AVM, Kalista and many other.<\/p>\n<p>SEV Litovel also makes for Pro-Ject limited edition turntables for different artists and bands like The Beatles, Metallica, Rolling Stones, Parov Stellar, Pink Floyd and other.<\/p>\n<p>Including our own design, assembly and technology, our big advantage is almost complete self-sufficiency. In our detached factory in \u010cervenka, we make most of the mechanical parts needed for assembly and the manufacturing of electric motors, electronic components and the final assembly of the turntables is located in Litovel.<\/p>\t\t\t\t\t\t\t\t<\/div>\n\t\t\t\t<\/div>\n\t\t\t\t<\/div>\n\t\t<div class=\"elementor-element elementor-element-d5a2714 e-flex e-con-boxed e-con e-child\" data-id=\"d5a2714\" data-element_type=\"container\">\n\t\t\t\t\t<div class=\"e-con-inner\">\n\t\t\t\t<div class=\"elementor-element elementor-element-9917240 elementor-widget elementor-widget-image\" data-id=\"9917240\" data-element_type=\"widget\" data-settings=\"{&quot;motion_fx_motion_fx_scrolling&quot;:&quot;yes&quot;,&quot;motion_fx_translateY_effect&quot;:&quot;yes&quot;,&quot;motion_fx_translateY_direction&quot;:&quot;negative&quot;,&quot;motion_fx_translateY_speed&quot;:{&quot;unit&quot;:&quot;px&quot;,&quot;size&quot;:3,&quot;sizes&quot;:[]},&quot;motion_fx_translateY_affectedRange&quot;:{&quot;unit&quot;:&quot;%&quot;,&quot;size&quot;:&quot;&quot;,&quot;sizes&quot;:{&quot;start&quot;:0,&quot;end&quot;:100}},&quot;motion_fx_devices&quot;:[&quot;desktop&quot;,&quot;tablet&quot;,&quot;mobile&quot;]}\" data-widget_type=\"image.default\">\n\t\t\t\t<div class=\"elementor-widget-container\">\n\t\t\t\t\t\t\t\t\t\t\t\t\t\t\t<img decoding=\"async\" width=\"200\" height=\"205\" src=\"https:\/\/www.sev-litovel.cz\/wp-content\/uploads\/2023\/03\/Sidlo-firmy-1.jpg\" class=\"attachment-large size-large wp-image-163\" alt=\"\" \/>\t\t\t\t\t\t\t\t\t\t\t\t\t\t\t<\/div>\n\t\t\t\t<\/div>\n\t\t\t\t\t<\/div>\n\t\t\t\t<\/div>\n\t\t\t\t\t<\/div>\n\t\t\t\t<\/div>\n\t\t<div class=\"elementor-element elementor-element-461c939 e-flex e-con-boxed e-con e-parent\" data-id=\"461c939\" data-element_type=\"container\" data-settings=\"{&quot;background_background&quot;:&quot;classic&quot;}\">\n\t\t\t\t\t<div class=\"e-con-inner\">\n\t\t\t\t<div class=\"elementor-element elementor-element-c914a1b elementor-widget elementor-widget-gallery\" data-id=\"c914a1b\" data-element_type=\"widget\" data-settings=\"{&quot;gallery_layout&quot;:&quot;justified&quot;,&quot;ideal_row_height&quot;:{&quot;unit&quot;:&quot;px&quot;,&quot;size&quot;:176,&quot;sizes&quot;:[]},&quot;lazyload&quot;:&quot;yes&quot;,&quot;ideal_row_height_tablet&quot;:{&quot;unit&quot;:&quot;px&quot;,&quot;size&quot;:150,&quot;sizes&quot;:[]},&quot;ideal_row_height_mobile&quot;:{&quot;unit&quot;:&quot;px&quot;,&quot;size&quot;:150,&quot;sizes&quot;:[]},&quot;gap&quot;:{&quot;unit&quot;:&quot;px&quot;,&quot;size&quot;:10,&quot;sizes&quot;:[]},&quot;gap_tablet&quot;:{&quot;unit&quot;:&quot;px&quot;,&quot;size&quot;:10,&quot;sizes&quot;:[]},&quot;gap_mobile&quot;:{&quot;unit&quot;:&quot;px&quot;,&quot;size&quot;:10,&quot;sizes&quot;:[]},&quot;link_to&quot;:&quot;file&quot;,&quot;overlay_background&quot;:&quot;yes&quot;,&quot;content_hover_animation&quot;:&quot;fade-in&quot;}\" data-widget_type=\"gallery.default\">\n\t\t\t\t<div class=\"elementor-widget-container\">\n\t\t\t\t\t\t\t<div class=\"elementor-gallery__container\">\n\t\t\t\t\t\t\t<a class=\"e-gallery-item elementor-gallery-item elementor-animated-content\" href=\"https:\/\/www.sev-litovel.cz\/wp-content\/uploads\/2023\/10\/01-Litovel-1_11zon.webp\" data-elementor-open-lightbox=\"yes\" data-elementor-lightbox-slideshow=\"c914a1b\" data-elementor-lightbox-title=\"01 Litovel 1_11zon\" data-e-action-hash=\"#elementor-action%3Aaction%3Dlightbox%26settings%3DeyJpZCI6MzY2LCJ1cmwiOiJodHRwczpcL1wvd3d3LnNldi1saXRvdmVsLmN6XC93cC1jb250ZW50XC91cGxvYWRzXC8yMDIzXC8xMFwvMDEtTGl0b3ZlbC0xXzExem9uLndlYnAiLCJzbGlkZXNob3ciOiJjOTE0YTFiIn0%3D\">\n\t\t\t\t\t<div class=\"e-gallery-image elementor-gallery-item__image\" data-thumbnail=\"https:\/\/www.sev-litovel.cz\/wp-content\/uploads\/2023\/10\/01-Litovel-1_11zon-300x225.webp\" data-width=\"300\" data-height=\"225\" aria-label=\"SEV Litovel\" role=\"img\" ><\/div>\n\t\t\t\t\t\t\t\t\t\t\t<div class=\"elementor-gallery-item__overlay\"><\/div>\n\t\t\t\t\t\t\t\t\t\t\t\t\t\t<\/a>\n\t\t\t\t\t\t\t<a class=\"e-gallery-item elementor-gallery-item elementor-animated-content\" href=\"https:\/\/www.sev-litovel.cz\/wp-content\/uploads\/2023\/10\/02-Cervenka-3.webp\" data-elementor-open-lightbox=\"yes\" data-elementor-lightbox-slideshow=\"c914a1b\" data-elementor-lightbox-title=\"02 C\u030cervenka 3\" data-e-action-hash=\"#elementor-action%3Aaction%3Dlightbox%26settings%3DeyJpZCI6MzY3LCJ1cmwiOiJodHRwczpcL1wvd3d3LnNldi1saXRvdmVsLmN6XC93cC1jb250ZW50XC91cGxvYWRzXC8yMDIzXC8xMFwvMDItQ2VydmVua2EtMy53ZWJwIiwic2xpZGVzaG93IjoiYzkxNGExYiJ9\">\n\t\t\t\t\t<div class=\"e-gallery-image elementor-gallery-item__image\" data-thumbnail=\"https:\/\/www.sev-litovel.cz\/wp-content\/uploads\/2023\/10\/02-Cervenka-3-300x200.webp\" data-width=\"300\" data-height=\"200\" aria-label=\"SEV Litovel\" role=\"img\" ><\/div>\n\t\t\t\t\t\t\t\t\t\t\t<div class=\"elementor-gallery-item__overlay\"><\/div>\n\t\t\t\t\t\t\t\t\t\t\t\t\t\t<\/a>\n\t\t\t\t\t\t\t<a class=\"e-gallery-item elementor-gallery-item elementor-animated-content\" href=\"https:\/\/www.sev-litovel.cz\/wp-content\/uploads\/2023\/10\/03-Cervenka-2.webp\" data-elementor-open-lightbox=\"yes\" data-elementor-lightbox-slideshow=\"c914a1b\" data-elementor-lightbox-title=\"03 C\u030cervenka 2\" data-e-action-hash=\"#elementor-action%3Aaction%3Dlightbox%26settings%3DeyJpZCI6MzY4LCJ1cmwiOiJodHRwczpcL1wvd3d3LnNldi1saXRvdmVsLmN6XC93cC1jb250ZW50XC91cGxvYWRzXC8yMDIzXC8xMFwvMDMtQ2VydmVua2EtMi53ZWJwIiwic2xpZGVzaG93IjoiYzkxNGExYiJ9\">\n\t\t\t\t\t<div class=\"e-gallery-image elementor-gallery-item__image\" data-thumbnail=\"https:\/\/www.sev-litovel.cz\/wp-content\/uploads\/2023\/10\/03-Cervenka-2-300x199.webp\" data-width=\"300\" data-height=\"199\" aria-label=\"SEV Litovel\" role=\"img\" ><\/div>\n\t\t\t\t\t\t\t\t\t\t\t<div class=\"elementor-gallery-item__overlay\"><\/div>\n\t\t\t\t\t\t\t\t\t\t\t\t\t\t<\/a>\n\t\t\t\t\t\t\t<a class=\"e-gallery-item elementor-gallery-item elementor-animated-content\" href=\"https:\/\/www.sev-litovel.cz\/wp-content\/uploads\/2023\/10\/04-Cervenka-1.webp\" data-elementor-open-lightbox=\"yes\" data-elementor-lightbox-slideshow=\"c914a1b\" data-elementor-lightbox-title=\"04 C\u030cervenka 1\" data-e-action-hash=\"#elementor-action%3Aaction%3Dlightbox%26settings%3DeyJpZCI6MzY5LCJ1cmwiOiJodHRwczpcL1wvd3d3LnNldi1saXRvdmVsLmN6XC93cC1jb250ZW50XC91cGxvYWRzXC8yMDIzXC8xMFwvMDQtQ2VydmVua2EtMS53ZWJwIiwic2xpZGVzaG93IjoiYzkxNGExYiJ9\">\n\t\t\t\t\t<div class=\"e-gallery-image elementor-gallery-item__image\" data-thumbnail=\"https:\/\/www.sev-litovel.cz\/wp-content\/uploads\/2023\/10\/04-Cervenka-1-300x200.webp\" data-width=\"300\" data-height=\"200\" aria-label=\"SEV Litovel\" role=\"img\" ><\/div>\n\t\t\t\t\t\t\t\t\t\t\t<div class=\"elementor-gallery-item__overlay\"><\/div>\n\t\t\t\t\t\t\t\t\t\t\t\t\t\t<\/a>\n\t\t\t\t\t<\/div>\n\t\t\t\t\t<\/div>\n\t\t\t\t<\/div>\n\t\t\t\t\t<\/div>\n\t\t\t\t<\/div>\n\t\t<div class=\"elementor-element elementor-element-a120b5f e-flex e-con-boxed e-con e-parent\" data-id=\"a120b5f\" data-element_type=\"container\" data-settings=\"{&quot;background_background&quot;:&quot;classic&quot;}\">\n\t\t\t\t\t<div class=\"e-con-inner\">\n\t\t<div class=\"elementor-element elementor-element-3a6e301 e-con-full e-flex e-con e-child\" data-id=\"3a6e301\" data-element_type=\"container\">\n\t\t\t\t<div class=\"elementor-element elementor-element-500d969 elementor-widget elementor-widget-heading\" data-id=\"500d969\" data-element_type=\"widget\" data-widget_type=\"heading.default\">\n\t\t\t\t<div class=\"elementor-widget-container\">\n\t\t\t\t\t<h2 class=\"elementor-heading-title elementor-size-default\">ISO 9001 Certificate<\/h2>\t\t\t\t<\/div>\n\t\t\t\t<\/div>\n\t\t\t\t<div class=\"elementor-element elementor-element-e912b0c elementor-widget elementor-widget-text-editor\" data-id=\"e912b0c\" data-element_type=\"widget\" data-widget_type=\"text-editor.default\">\n\t\t\t\t<div class=\"elementor-widget-container\">\n\t\t\t\t\t\t\t\t\t<p>SEV Litovel is certified to ISO 9001 quality management standards. The company has been certified since 2000.<\/p>\t\t\t\t\t\t\t\t<\/div>\n\t\t\t\t<\/div>\n\t\t\t\t<div class=\"elementor-element elementor-element-572c7fd elementor-widget elementor-widget-gallery\" data-id=\"572c7fd\" data-element_type=\"widget\" data-settings=\"{&quot;columns&quot;:1,&quot;aspect_ratio&quot;:&quot;1:1&quot;,&quot;lazyload&quot;:&quot;yes&quot;,&quot;gallery_layout&quot;:&quot;grid&quot;,&quot;columns_tablet&quot;:2,&quot;columns_mobile&quot;:1,&quot;gap&quot;:{&quot;unit&quot;:&quot;px&quot;,&quot;size&quot;:10,&quot;sizes&quot;:[]},&quot;gap_tablet&quot;:{&quot;unit&quot;:&quot;px&quot;,&quot;size&quot;:10,&quot;sizes&quot;:[]},&quot;gap_mobile&quot;:{&quot;unit&quot;:&quot;px&quot;,&quot;size&quot;:10,&quot;sizes&quot;:[]},&quot;link_to&quot;:&quot;file&quot;,&quot;overlay_background&quot;:&quot;yes&quot;,&quot;content_hover_animation&quot;:&quot;fade-in&quot;}\" data-widget_type=\"gallery.default\">\n\t\t\t\t<div class=\"elementor-widget-container\">\n\t\t\t\t\t\t\t<div class=\"elementor-gallery__container\">\n\t\t\t\t\t\t\t<a class=\"e-gallery-item elementor-gallery-item elementor-animated-content\" href=\"https:\/\/www.sev-litovel.cz\/wp-content\/uploads\/2025\/04\/Certifikat-ISO-9001-EN_page-0001.jpg\" data-elementor-open-lightbox=\"yes\" data-elementor-lightbox-slideshow=\"572c7fd\" data-elementor-lightbox-title=\"Certifik\u00e1t ISO 9001 EN_page-0001\" data-e-action-hash=\"#elementor-action%3Aaction%3Dlightbox%26settings%3DeyJpZCI6NTY2LCJ1cmwiOiJodHRwczpcL1wvd3d3LnNldi1saXRvdmVsLmN6XC93cC1jb250ZW50XC91cGxvYWRzXC8yMDI1XC8wNFwvQ2VydGlmaWthdC1JU08tOTAwMS1FTl9wYWdlLTAwMDEuanBnIiwic2xpZGVzaG93IjoiNTcyYzdmZCJ9\">\n\t\t\t\t\t<div class=\"e-gallery-image elementor-gallery-item__image\" data-thumbnail=\"https:\/\/www.sev-litovel.cz\/wp-content\/uploads\/2025\/04\/Certifikat-ISO-9001-EN_page-0001-768x1087.jpg\" data-width=\"768\" data-height=\"1087\" aria-label=\"\" role=\"img\" ><\/div>\n\t\t\t\t\t\t\t\t\t\t\t<div class=\"elementor-gallery-item__overlay\"><\/div>\n\t\t\t\t\t\t\t\t\t\t\t\t\t\t<\/a>\n\t\t\t\t\t\t\t<a class=\"e-gallery-item elementor-gallery-item elementor-animated-content\" href=\"https:\/\/www.sev-litovel.cz\/wp-content\/uploads\/2025\/04\/Certifikat-ISO-9001-EN_page-0002.jpg\" data-elementor-open-lightbox=\"yes\" data-elementor-lightbox-slideshow=\"572c7fd\" data-elementor-lightbox-title=\"Certifik\u00e1t ISO 9001 EN_page-0002\" data-e-action-hash=\"#elementor-action%3Aaction%3Dlightbox%26settings%3DeyJpZCI6NTY3LCJ1cmwiOiJodHRwczpcL1wvd3d3LnNldi1saXRvdmVsLmN6XC93cC1jb250ZW50XC91cGxvYWRzXC8yMDI1XC8wNFwvQ2VydGlmaWthdC1JU08tOTAwMS1FTl9wYWdlLTAwMDIuanBnIiwic2xpZGVzaG93IjoiNTcyYzdmZCJ9\">\n\t\t\t\t\t<div class=\"e-gallery-image elementor-gallery-item__image\" data-thumbnail=\"https:\/\/www.sev-litovel.cz\/wp-content\/uploads\/2025\/04\/Certifikat-ISO-9001-EN_page-0002-768x1087.jpg\" data-width=\"768\" data-height=\"1087\" aria-label=\"\" role=\"img\" ><\/div>\n\t\t\t\t\t\t\t\t\t\t\t<div class=\"elementor-gallery-item__overlay\"><\/div>\n\t\t\t\t\t\t\t\t\t\t\t\t\t\t<\/a>\n\t\t\t\t\t<\/div>\n\t\t\t\t\t<\/div>\n\t\t\t\t<\/div>\n\t\t\t\t<\/div>\n\t\t<div class=\"elementor-element elementor-element-9d245c3 e-con-full e-flex e-con e-child\" data-id=\"9d245c3\" data-element_type=\"container\">\n\t\t\t\t<div class=\"elementor-element elementor-element-cc62f5a elementor-widget elementor-widget-heading\" data-id=\"cc62f5a\" data-element_type=\"widget\" data-widget_type=\"heading.default\">\n\t\t\t\t<div class=\"elementor-widget-container\">\n\t\t\t\t\t<h2 class=\"elementor-heading-title elementor-size-default\">EISA Awards<\/h2>\t\t\t\t<\/div>\n\t\t\t\t<\/div>\n\t\t\t\t<div class=\"elementor-element elementor-element-a0685b1 elementor-widget elementor-widget-text-editor\" data-id=\"a0685b1\" data-element_type=\"widget\" data-widget_type=\"text-editor.default\">\n\t\t\t\t<div class=\"elementor-widget-container\">\n\t\t\t\t\t\t\t\t\t<p><strong>The Expert Imaging and Sound Association is the community of 58 technology magazines, websites and social media commentators from 29 countries, specialising in hi-fi, home theatre, photo and video, in-car and mobile electronics. Every year the EISA jury of experts rewards the best products in each class with a coveted EISA Award.<\/strong><\/p><p>N\u00e1mi vyr\u00e1b\u011bn\u00e9 gramofony firmy Pro-Ject z\u00edsk\u00e1vaj\u00ed toto ocen\u011bn\u00ed pravideln\u011b ji\u017e mnoho let.\u00a0<\/p>\t\t\t\t\t\t\t\t<\/div>\n\t\t\t\t<\/div>\n\t\t\t\t<div class=\"elementor-element elementor-element-3f0eee5 elementor-widget elementor-widget-gallery\" data-id=\"3f0eee5\" data-element_type=\"widget\" data-settings=\"{&quot;columns&quot;:6,&quot;lazyload&quot;:&quot;yes&quot;,&quot;gallery_layout&quot;:&quot;grid&quot;,&quot;columns_tablet&quot;:2,&quot;columns_mobile&quot;:1,&quot;gap&quot;:{&quot;unit&quot;:&quot;px&quot;,&quot;size&quot;:10,&quot;sizes&quot;:[]},&quot;gap_tablet&quot;:{&quot;unit&quot;:&quot;px&quot;,&quot;size&quot;:10,&quot;sizes&quot;:[]},&quot;gap_mobile&quot;:{&quot;unit&quot;:&quot;px&quot;,&quot;size&quot;:10,&quot;sizes&quot;:[]},&quot;link_to&quot;:&quot;file&quot;,&quot;aspect_ratio&quot;:&quot;3:2&quot;,&quot;overlay_background&quot;:&quot;yes&quot;,&quot;content_hover_animation&quot;:&quot;fade-in&quot;}\" data-widget_type=\"gallery.default\">\n\t\t\t\t<div class=\"elementor-widget-container\">\n\t\t\t\t\t\t\t<div class=\"elementor-gallery__container\">\n\t\t\t\t\t\t\t<a class=\"e-gallery-item elementor-gallery-item elementor-animated-content\" href=\"https:\/\/www.sev-litovel.cz\/wp-content\/uploads\/2024\/03\/Black.jpg\" data-elementor-open-lightbox=\"yes\" data-elementor-lightbox-slideshow=\"3f0eee5\" data-elementor-lightbox-title=\"Black\" data-e-action-hash=\"#elementor-action%3Aaction%3Dlightbox%26settings%3DeyJpZCI6NDgwLCJ1cmwiOiJodHRwczpcL1wvd3d3LnNldi1saXRvdmVsLmN6XC93cC1jb250ZW50XC91cGxvYWRzXC8yMDI0XC8wM1wvQmxhY2suanBnIiwic2xpZGVzaG93IjoiM2YwZWVlNSJ9\">\n\t\t\t\t\t<div class=\"e-gallery-image elementor-gallery-item__image\" data-thumbnail=\"https:\/\/www.sev-litovel.cz\/wp-content\/uploads\/2024\/03\/Black-300x169.jpg\" data-width=\"300\" data-height=\"169\" aria-label=\"\" role=\"img\" ><\/div>\n\t\t\t\t\t\t\t\t\t\t\t<div class=\"elementor-gallery-item__overlay\"><\/div>\n\t\t\t\t\t\t\t\t\t\t\t\t\t\t<\/a>\n\t\t\t\t\t<\/div>\n\t\t\t\t\t<\/div>\n\t\t\t\t<\/div>\n\t\t\t\t<\/div>\n\t\t<div class=\"elementor-element elementor-element-1b1e6a3 e-con-full e-flex e-con e-child\" data-id=\"1b1e6a3\" data-element_type=\"container\">\n\t\t\t\t<div class=\"elementor-element elementor-element-817a232 elementor-widget elementor-widget-heading\" data-id=\"817a232\" data-element_type=\"widget\" data-widget_type=\"heading.default\">\n\t\t\t\t<div class=\"elementor-widget-container\">\n\t\t\t\t\t<h2 class=\"elementor-heading-title elementor-size-default\">Projekt FVE - SEV Litovel, s.r.o.<\/h2>\t\t\t\t<\/div>\n\t\t\t\t<\/div>\n\t\t\t\t<div class=\"elementor-element elementor-element-ba979ee elementor-widget elementor-widget-text-editor\" data-id=\"ba979ee\" data-element_type=\"widget\" data-widget_type=\"text-editor.default\">\n\t\t\t\t<div class=\"elementor-widget-container\">\n\t\t\t\t\t\t\t\t\t<p>Projekt FVE &#8211; SEV Litovel, s.r.o., registra\u010dn\u00ed \u010d\u00edslo CZ.31.3.0\/0.0\/0.0\/22_001\/0001636 je spolufinancov\u00e1n Evropskou Uni\u00ed. Na tento projekt byla p\u0159id\u011blena dotace Ministerstvem pr\u016fmyslu a obchodu v r\u00e1mci N\u00e1rodn\u00edho pl\u00e1nu obnovy &#8211; p\u0159echod na \u010dist\u0161\u00ed zdroje energie. C\u00edlem je realizace fotovoltaick\u00e9 elektr\u00e1rny o v\u00fdkonu 228 kWp na dvou budov\u00e1ch v\u00fdrobn\u00edch hal. D\u00edky tomuto projektu dojde ke sn\u00ed\u017een\u00ed emis\u00ed a k \u00faspo\u0159e el. energie a n\u00e1klad\u016f spole\u010dnosti SEV Litovel, s.r.o.<\/p>\t\t\t\t\t\t\t\t<\/div>\n\t\t\t\t<\/div>\n\t\t\t\t<div class=\"elementor-element elementor-element-bded5a8 elementor-widget elementor-widget-image\" data-id=\"bded5a8\" data-element_type=\"widget\" data-widget_type=\"image.default\">\n\t\t\t\t<div class=\"elementor-widget-container\">\n\t\t\t\t\t\t\t\t\t\t\t\t\t\t\t\t<a href=\"https:\/\/www.sev-litovel.cz\/wp-content\/uploads\/2023\/10\/Plakat_SEV-Litovel_11zon-scaled.webp\" data-elementor-open-lightbox=\"yes\" data-elementor-lightbox-title=\"Plakat_SEV Litovel_11zon\" data-e-action-hash=\"#elementor-action%3Aaction%3Dlightbox%26settings%3DeyJpZCI6MzY1LCJ1cmwiOiJodHRwczpcL1wvd3d3LnNldi1saXRvdmVsLmN6XC93cC1jb250ZW50XC91cGxvYWRzXC8yMDIzXC8xMFwvUGxha2F0X1NFVi1MaXRvdmVsXzExem9uLXNjYWxlZC53ZWJwIn0%3D\">\n\t\t\t\t\t\t\t<img fetchpriority=\"high\" decoding=\"async\" width=\"724\" height=\"1024\" src=\"https:\/\/www.sev-litovel.cz\/wp-content\/uploads\/2023\/10\/Plakat_SEV-Litovel_11zon-724x1024.webp\" class=\"attachment-large size-large wp-image-365\" alt=\"SEV Litovel\" srcset=\"https:\/\/www.sev-litovel.cz\/wp-content\/uploads\/2023\/10\/Plakat_SEV-Litovel_11zon-724x1024.webp 724w, https:\/\/www.sev-litovel.cz\/wp-content\/uploads\/2023\/10\/Plakat_SEV-Litovel_11zon-212x300.webp 212w, https:\/\/www.sev-litovel.cz\/wp-content\/uploads\/2023\/10\/Plakat_SEV-Litovel_11zon-768x1086.webp 768w, https:\/\/www.sev-litovel.cz\/wp-content\/uploads\/2023\/10\/Plakat_SEV-Litovel_11zon-1086x1536.webp 1086w, https:\/\/www.sev-litovel.cz\/wp-content\/uploads\/2023\/10\/Plakat_SEV-Litovel_11zon-1448x2048.webp 1448w, https:\/\/www.sev-litovel.cz\/wp-content\/uploads\/2023\/10\/Plakat_SEV-Litovel_11zon-8x12.webp 8w, https:\/\/www.sev-litovel.cz\/wp-content\/uploads\/2023\/10\/Plakat_SEV-Litovel_11zon-scaled.webp 1811w\" sizes=\"(max-width: 724px) 100vw, 724px\" \/>\t\t\t\t\t\t\t\t<\/a>\n\t\t\t\t\t\t\t\t\t\t\t\t\t\t\t<\/div>\n\t\t\t\t<\/div>\n\t\t\t\t<\/div>\n\t\t\t\t\t<\/div>\n\t\t\t\t<\/div>\n\t\t\t\t<\/div>","protected":false},"excerpt":{"rendered":"<p>SEV Litovel, s.r.o. Od roku 1999 navazuje firma SEV Litovel na v\u00fdrobu gramofon\u016f firmy Tesla Litovel a pozd\u011bji ETA Od zalo\u017een\u00ed spolupracujeme s&nbsp;rakouskou firmou Pro-Ject Audio Systems, pro n\u00ed\u017e vyv\u00edj\u00edme a vyr\u00e1b\u00edme gramofony od st\u0159edn\u00ed a\u017e po nejvy\u0161\u0161\u00ed t\u0159\u00eddu. Mimo spolupr\u00e1ci s&nbsp;firmou Pro-Ject vyr\u00e1b\u00edme, nebo jsme v&nbsp;minulosti vyr\u00e1b\u011bli, gramofony pro firmy jako Music Hall, EAT, [&hellip;]<\/p>","protected":false},"author":1,"featured_media":173,"parent":0,"menu_order":0,"comment_status":"closed","ping_status":"closed","template":"","meta":{"footnotes":""},"class_list":["post-24","page","type-page","status-publish","has-post-thumbnail","hentry"],"_links":{"self":[{"href":"http:\/\/www.sev-litovel.cz\/en\/wp-json\/wp\/v2\/pages\/24","targetHints":{"allow":["GET"]}}],"collection":[{"href":"http:\/\/www.sev-litovel.cz\/en\/wp-json\/wp\/v2\/pages"}],"about":[{"href":"http:\/\/www.sev-litovel.cz\/en\/wp-json\/wp\/v2\/types\/page"}],"author":[{"embeddable":true,"href":"http:\/\/www.sev-litovel.cz\/en\/wp-json\/wp\/v2\/users\/1"}],"replies":[{"embeddable":true,"href":"http:\/\/www.sev-litovel.cz\/en\/wp-json\/wp\/v2\/comments?post=24"}],"version-history":[{"count":130,"href":"http:\/\/www.sev-litovel.cz\/en\/wp-json\/wp\/v2\/pages\/24\/revisions"}],"predecessor-version":[{"id":570,"href":"http:\/\/www.sev-litovel.cz\/en\/wp-json\/wp\/v2\/pages\/24\/revisions\/570"}],"wp:featuredmedia":[{"embeddable":true,"href":"http:\/\/www.sev-litovel.cz\/en\/wp-json\/wp\/v2\/media\/173"}],"wp:attachment":[{"href":"http:\/\/www.sev-litovel.cz\/en\/wp-json\/wp\/v2\/media?parent=24"}],"curies":[{"name":"wp","href":"https:\/\/api.w.org\/{rel}","templated":true}]}}